{"id":909,"date":"2023-08-25T16:19:28","date_gmt":"2023-08-25T19:19:28","guid":{"rendered":"https:\/\/shoptyeza.net\/?post_type=product&#038;p=909"},"modified":"2025-11-19T10:38:40","modified_gmt":"2025-11-19T13:38:40","slug":"sandalias-tiras-fashion","status":"publish","type":"product","link":"https:\/\/shoptyeza.net\/index.php\/product\/sandalias-tiras-fashion\/","title":{"rendered":"Sand\u00e1lias Tiras Fashion"},"content":{"rendered":"<p>Sand\u00e1lias de tiras franzidas fashion metalizado. Uma aposta leve para o ver\u00e3o.<\/p>\n","protected":false},"excerpt":{"rendered":"<p>Sand\u00e1lias de tiras franzidas fashion metalizado. Uma aposta leve para o ver\u00e3o.<\/p>\n","protected":false},"featured_media":913,"comment_status":"open","ping_status":"closed","template":"","meta":[],"product_cat":[147],"product_tag":[149,151,144,148,150],"_links":{"self":[{"href":"https:\/\/shoptyeza.net\/index.php\/wp-json\/wp\/v2\/product\/909"}],"collection":[{"href":"https:\/\/shoptyeza.net\/index.php\/wp-json\/wp\/v2\/product"}],"about":[{"href":"https:\/\/shoptyeza.net\/index.php\/wp-json\/wp\/v2\/types\/product"}],"replies":[{"embeddable":true,"href":"https:\/\/shoptyeza.net\/index.php\/wp-json\/wp\/v2\/comments?post=909"}],"wp:featuredmedia":[{"embeddable":true,"href":"https:\/\/shoptyeza.net\/index.php\/wp-json\/wp\/v2\/media\/913"}],"wp:attachment":[{"href":"https:\/\/shoptyeza.net\/index.php\/wp-json\/wp\/v2\/media?parent=909"}],"wp:term":[{"taxonomy":"product_cat","embeddable":true,"href":"https:\/\/shoptyeza.net\/index.php\/wp-json\/wp\/v2\/product_cat?post=909"},{"taxonomy":"product_tag","embeddable":true,"href":"https:\/\/shoptyeza.net\/index.php\/wp-json\/wp\/v2\/product_tag?post=909"}],"curies":[{"name":"wp","href":"https:\/\/api.w.org\/{rel}","templated":true}]}}