{"id":786,"date":"2023-06-29T18:05:15","date_gmt":"2023-06-29T21:05:15","guid":{"rendered":"https:\/\/shoptyeza.net\/?post_type=product&#038;p=786"},"modified":"2023-06-29T18:05:16","modified_gmt":"2023-06-29T21:05:16","slug":"tenis-all-star","status":"publish","type":"product","link":"https:\/\/shoptyeza.net\/index.php\/product\/tenis-all-star\/","title":{"rendered":"T\u00eanis All Star"},"content":{"rendered":"<p>T\u00eanis Unissex super Confort\u00e1vel<\/p>\n<p>Sola emborrachada.<\/p>\n<p>\u00d3tima Qualidade.<\/p>\n","protected":false},"excerpt":{"rendered":"<p>T\u00eanis Unissex super Confort\u00e1vel Sola emborrachada. \u00d3tima Qualidade.<\/p>\n","protected":false},"featured_media":797,"comment_status":"open","ping_status":"closed","template":"","meta":[],"product_cat":[84],"product_tag":[111,39,85,86],"_links":{"self":[{"href":"https:\/\/shoptyeza.net\/index.php\/wp-json\/wp\/v2\/product\/786"}],"collection":[{"href":"https:\/\/shoptyeza.net\/index.php\/wp-json\/wp\/v2\/product"}],"about":[{"href":"https:\/\/shoptyeza.net\/index.php\/wp-json\/wp\/v2\/types\/product"}],"replies":[{"embeddable":true,"href":"https:\/\/shoptyeza.net\/index.php\/wp-json\/wp\/v2\/comments?post=786"}],"wp:featuredmedia":[{"embeddable":true,"href":"https:\/\/shoptyeza.net\/index.php\/wp-json\/wp\/v2\/media\/797"}],"wp:attachment":[{"href":"https:\/\/shoptyeza.net\/index.php\/wp-json\/wp\/v2\/media?parent=786"}],"wp:term":[{"taxonomy":"product_cat","embeddable":true,"href":"https:\/\/shoptyeza.net\/index.php\/wp-json\/wp\/v2\/product_cat?post=786"},{"taxonomy":"product_tag","embeddable":true,"href":"https:\/\/shoptyeza.net\/index.php\/wp-json\/wp\/v2\/product_tag?post=786"}],"curies":[{"name":"wp","href":"https:\/\/api.w.org\/{rel}","templated":true}]}}