{"id":14,"date":"2023-05-31T19:24:30","date_gmt":"2023-05-31T22:24:30","guid":{"rendered":"https:\/\/shoptyeza.net\/index.php\/cart\/"},"modified":"2023-06-22T19:49:49","modified_gmt":"2023-06-22T22:49:49","slug":"cart","status":"publish","type":"page","link":"https:\/\/shoptyeza.net\/index.php\/cart\/","title":{"rendered":"Carrinho"},"content":{"rendered":"\t\t<div data-elementor-type=\"wp-page\" data-elementor-id=\"14\" class=\"elementor elementor-14\" data-elementor-post-type=\"page\">\n\t\t\t\t\t\t<section class=\"elementor-section elementor-top-section elementor-element elementor-element-531ebdc elementor-section-boxed elementor-section-height-default elementor-section-height-default\" data-id=\"531ebdc\" data-element_type=\"section\">\n\t\t\t\t\t\t<div class=\"elementor-container elementor-column-gap-no\">\n\t\t\t\t\t<div class=\"elementor-column elementor-col-100 elementor-top-column elementor-element elementor-element-091bb08\" data-id=\"091bb08\" data-element_type=\"column\">\n\t\t\t<div class=\"elementor-widget-wrap elementor-element-populated\">\n\t\t\t\t\t\t<div class=\"elementor-element elementor-element-b75f482 wl-product-image-show-yes wl-product-image-show-tablet-yes wl-product-image-show-mobile-yes wl-product-name-show-yes wl-product-name-show-tablet-yes wl-product-name-show-mobile-yes wl-product-category-show-yes wl-product-category-show-tablet-yes wl-product-category-show-mobile-no wl-product-price-show-yes wl-product-price-show-tablet-yes wl-product-price-show-mobile-yes wl-product-quantity-show-yes wl-product-quantity-show-tablet-yes wl-product-quantity-show-mobile-yes wl-product-subtotal-show-yes wl-product-subtotal-show-tablet-yes wl-product-subtotal-show-mobile-yes wl-product-remove-show-yes wl-product-remove-show-tablet-yes wl-product-remove-show-mobile-yes elementor-widget elementor-widget-cart-items\" data-id=\"b75f482\" data-element_type=\"widget\" data-widget_type=\"cart-items.default\">\n\t\t\t\t<div class=\"elementor-widget-container\">\n\t\t\t\n\t\t<div class=\"wl-ci\">\n\t\t\t<div class=\"wl-ci-product-style\">\n\t\t\t\t<div class=\"cx-container\">\n\t\t\t\t\t<div class=\"cx-row\">\n\t\t\t\t\t\t<div class=\"cx-col-md-12 cx-col-sm-12\">\n\t\t\t\t\t\t\t<div class=\"woocommerce\">\n\t\t\t\t\t\t\t\t<form class=\"woocommerce-cart-form wl-ci-cart-form\" action=\"https:\/\/shoptyeza.net\/index.php\/cart\/\" method=\"post\">\n\t\t\t\t\t\t\t\t\t\t\t\t\t\t\t\t\t<\/form>\n\t\t\t\t\t\t\t<\/div>\n\t\t\t\t\t\t<\/div>\n\n\t\t\t\t\t\t\t\t\t\t\t\n\n\t\t\t\t\t<\/div>\n\t\t\t\t<\/div>\n\t\t\t<\/div>\n\t\t<\/div>\n\t\t\t\t<\/div>\n\t\t\t\t<\/div>\n\t\t\t\t\t<\/div>\n\t\t<\/div>\n\t\t\t\t\t<\/div>\n\t\t<\/section>\n\t\t\t\t<section class=\"elementor-section elementor-top-section elementor-element elementor-element-aec0314 elementor-section-height-full elementor-section-stretched elementor-section-boxed elementor-section-height-default elementor-section-items-middle\" data-id=\"aec0314\" data-element_type=\"section\" data-settings=\"{&quot;stretch_section&quot;:&quot;section-stretched&quot;}\">\n\t\t\t\t\t\t<div class=\"elementor-container elementor-column-gap-default\">\n\t\t\t\t\t<div class=\"elementor-column elementor-col-100 elementor-top-column elementor-element elementor-element-a7a722a\" data-id=\"a7a722a\" data-element_type=\"column\">\n\t\t\t<div class=\"elementor-widget-wrap elementor-element-populated\">\n\t\t\t\t\t\t\t<\/div>\n\t\t<\/div>\n\t\t\t\t\t<\/div>\n\t\t<\/section>\n\t\t\t\t<\/div>\n\t\t","protected":false},"excerpt":{"rendered":"<p>Imagem Produto Pre\u00e7o Quantidade Total T\u00eanis Olympikus Feminino &#8211; 37 Cor: Preto\/Rosa Categoria Uncategorized &#82;&#36;&nbsp;199.00 T\u00eanis Olympikus Feminino &#8211; 37 quantidade &#82;&#36;&nbsp;199.00 Atualizar o Carrinho Finalizar Compra Valor Total Subtotal &#82;&#36;&nbsp;199.00 Entrega Frete gr\u00e1tis Total &#82;&#36;&nbsp;199.00 Continuar para a finaliza\u00e7\u00e3o de compra<\/p>\n","protected":false},"author":1,"featured_media":0,"parent":0,"menu_order":0,"comment_status":"closed","ping_status":"closed","template":"","meta":{"footnotes":""},"_links":{"self":[{"href":"https:\/\/shoptyeza.net\/index.php\/wp-json\/wp\/v2\/pages\/14"}],"collection":[{"href":"https:\/\/shoptyeza.net\/index.php\/wp-json\/wp\/v2\/pages"}],"about":[{"href":"https:\/\/shoptyeza.net\/index.php\/wp-json\/wp\/v2\/types\/page"}],"author":[{"embeddable":true,"href":"https:\/\/shoptyeza.net\/index.php\/wp-json\/wp\/v2\/users\/1"}],"replies":[{"embeddable":true,"href":"https:\/\/shoptyeza.net\/index.php\/wp-json\/wp\/v2\/comments?post=14"}],"version-history":[{"count":108,"href":"https:\/\/shoptyeza.net\/index.php\/wp-json\/wp\/v2\/pages\/14\/revisions"}],"predecessor-version":[{"id":596,"href":"https:\/\/shoptyeza.net\/index.php\/wp-json\/wp\/v2\/pages\/14\/revisions\/596"}],"wp:attachment":[{"href":"https:\/\/shoptyeza.net\/index.php\/wp-json\/wp\/v2\/media?parent=14"}],"curies":[{"name":"wp","href":"https:\/\/api.w.org\/{rel}","templated":true}]}}